{"id":329,"date":"2015-08-20T18:39:55","date_gmt":"2015-08-20T15:39:55","guid":{"rendered":"http:\/\/lamaisondantoinette.gr\/gr\/?page_id=329"},"modified":"2018-05-05T04:55:42","modified_gmt":"2018-05-05T04:55:42","slug":"liens","status":"publish","type":"page","link":"https:\/\/lamaisondantoinette.gr\/fr\/liens\/","title":{"rendered":"LIENS"},"content":{"rendered":"<p><a href=\"http:\/\/www.fle.fr\/\" target=\"_blank\" rel=\"noopener\">Agence de promotion du FLE<\/a><\/p>\n<p><a href=\"http:\/\/www.ifa.gr\/\">IFA &#8211; Institut Fran\u00e7ais d&#8217;Ath\u00e8nes<\/a><\/p>\n<p><a href=\"http:\/\/www.ift.gr\/\">IFT &#8211; Institut Fran\u00e7ais de Thessalonique<\/a><\/p>\n<p><a href=\"https:\/\/gr.ambafrance.org\/-Francais-\">Ambassade de France en Gr\u00e8ce<\/a><\/p>\n<p><a href=\"http:\/\/www.ambafrance-gr.org\/-Consulat-Thessalonique-\">Consulat g\u00e9n\u00e9ral de France \u00e0 Thessalonique<\/a><\/p>\n<p><a href=\"http:\/\/consulfrancethessalonique.blogspot.gr\/\">Blog du Consul g\u00e9n\u00e9ral<\/a><\/p>\n<p><a href=\"http:\/\/www.apf.gr\/\">Association des Professeurs de Fran\u00e7ais de Formation Universitaire<\/a><\/p>\n<p><a href=\"http:\/\/www.aplf.gr\/\">\u03a3\u03cd\u03bb\u03bb\u03bf\u03b3\u03bf\u03c2 \u039a\u03b1\u03b8\u03b7\u03b3\u03b7\u03c4\u03ce\u03bd \u0393\u03b1\u03bb\u03bb\u03b9\u03ba\u03ae\u03c2 \u0398\u03b5\u03c3\u03c3\u03b1\u03bb\u03bf\u03bd\u03af\u03ba\u03b7\u03c2<\/a><\/p>\n<p><a href=\"https:\/\/www.google.com\/fusiontables\/DataSource?snapid=S32810834Wa\">\u03a0\u03b5\u03c1\u03b9\u03b5\u03c7\u03cc\u03bc\u03b5\u03bd\u03b1 \u0392\u03b9\u03b2\u03bb\u03b9\u03bf\u03b8\u03ae\u03ba\u03b7\u03c2 (\u03c5\u03c0\u03cc \u03ba\u03b1\u03c4\u03b1\u03c3\u03ba\u03b5\u03c5\u03ae)<\/a><\/p>\n<p><a href=\"http:\/\/www.tv5.org\/\">tv5monde<\/a><\/p>\n<p><a href=\"http:\/\/www.fdlm.org\/\">Le Fran\u00e7ais Dans Le Monde<\/a><\/p>\n","protected":false},"excerpt":{"rendered":"<p>Agence de promotion du FLE IFA &#8211; Institut Fran\u00e7ais d&#8217;Ath\u00e8nes IFT &#8211; Institut Fran\u00e7ais de Thessalonique Ambassade de France en Gr\u00e8ce Consulat g\u00e9n\u00e9ral de France \u00e0 Thessalonique Blog du Consul g\u00e9n\u00e9ral Association des Professeurs de Fran\u00e7ais de Formation Universitaire \u03a3\u03cd\u03bb\u03bb\u03bf\u03b3\u03bf\u03c2 \u039a\u03b1\u03b8\u03b7\u03b3\u03b7\u03c4\u03ce\u03bd \u0393\u03b1\u03bb\u03bb\u03b9\u03ba\u03ae\u03c2 \u0398\u03b5\u03c3\u03c3\u03b1\u03bb\u03bf\u03bd\u03af\u03ba\u03b7\u03c2 \u03a0\u03b5\u03c1\u03b9\u03b5\u03c7\u03cc\u03bc\u03b5\u03bd\u03b1 \u0392\u03b9\u03b2\u03bb\u03b9\u03bf\u03b8\u03ae\u03ba\u03b7\u03c2 (\u03c5\u03c0\u03cc \u03ba\u03b1\u03c4\u03b1\u03c3\u03ba\u03b5\u03c5\u03ae) tv5monde Le Fran\u00e7ais Dans Le Monde<\/p>\n","protected":false},"author":1,"featured_media":0,"parent":0,"menu_order":0,"comment_status":"closed","ping_status":"closed","template":"","meta":{"footnotes":""},"class_list":["post-329","page","type-page","status-publish","hentry"],"_links":{"self":[{"href":"https:\/\/lamaisondantoinette.gr\/fr\/wp-json\/wp\/v2\/pages\/329","targetHints":{"allow":["GET"]}}],"collection":[{"href":"https:\/\/lamaisondantoinette.gr\/fr\/wp-json\/wp\/v2\/pages"}],"about":[{"href":"https:\/\/lamaisondantoinette.gr\/fr\/wp-json\/wp\/v2\/types\/page"}],"author":[{"embeddable":true,"href":"https:\/\/lamaisondantoinette.gr\/fr\/wp-json\/wp\/v2\/users\/1"}],"replies":[{"embeddable":true,"href":"https:\/\/lamaisondantoinette.gr\/fr\/wp-json\/wp\/v2\/comments?post=329"}],"version-history":[{"count":4,"href":"https:\/\/lamaisondantoinette.gr\/fr\/wp-json\/wp\/v2\/pages\/329\/revisions"}],"predecessor-version":[{"id":1009,"href":"https:\/\/lamaisondantoinette.gr\/fr\/wp-json\/wp\/v2\/pages\/329\/revisions\/1009"}],"wp:attachment":[{"href":"https:\/\/lamaisondantoinette.gr\/fr\/wp-json\/wp\/v2\/media?parent=329"}],"curies":[{"name":"wp","href":"https:\/\/api.w.org\/{rel}","templated":true}]}}