{"id":356,"date":"2018-06-21T10:35:51","date_gmt":"2018-06-21T10:35:51","guid":{"rendered":"http:\/\/lamaisondantoinette.gr\/gr\/?page_id=356"},"modified":"2024-04-30T18:46:49","modified_gmt":"2024-04-30T18:46:49","slug":"%ce%b1%cf%81%cf%87%ce%b9%ce%ba%ce%b7","status":"publish","type":"page","link":"https:\/\/lamaisondantoinette.gr\/fr\/","title":{"rendered":"Home"},"content":{"rendered":"\t\t<div data-elementor-type=\"wp-page\" data-elementor-id=\"356\" class=\"elementor elementor-356\" data-elementor-post-type=\"page\">\n\t\t\t\t\t\t<section class=\"elementor-section elementor-top-section elementor-element elementor-element-020ff01 elementor-section-boxed elementor-section-height-default elementor-section-height-default\" data-id=\"020ff01\" data-element_type=\"section\" data-settings=\"{&quot;background_background&quot;:&quot;classic&quot;}\">\n\t\t\t\t\t\t\t<div class=\"elementor-background-overlay\"><\/div>\n\t\t\t\t\t\t\t<div class=\"elementor-container elementor-column-gap-default\">\n\t\t\t\t\t<div class=\"elementor-column elementor-col-100 elementor-top-column elementor-element elementor-element-b8d1f31\" data-id=\"b8d1f31\" data-element_type=\"column\">\n\t\t\t<div class=\"elementor-widget-wrap elementor-element-populated\">\n\t\t\t\t\t\t<div class=\"elementor-element elementor-element-44d66ff elementor--h-position-center elementor--v-position-middle elementor-arrows-position-inside elementor-pagination-position-inside elementor-widget elementor-widget-slides\" data-id=\"44d66ff\" data-element_type=\"widget\" data-settings=\"{&quot;navigation&quot;:&quot;both&quot;,&quot;autoplay&quot;:&quot;yes&quot;,&quot;pause_on_hover&quot;:&quot;yes&quot;,&quot;pause_on_interaction&quot;:&quot;yes&quot;,&quot;autoplay_speed&quot;:5000,&quot;infinite&quot;:&quot;yes&quot;,&quot;transition&quot;:&quot;slide&quot;,&quot;transition_speed&quot;:500}\" data-widget_type=\"slides.default\">\n\t\t\t\t<div class=\"elementor-widget-container\">\n\t\t\t<style>\/*! elementor-pro - v3.23.0 - 29-07-2024 *\/\n.elementor-slides .swiper-slide-bg{background-size:cover;background-position:50%;background-repeat:no-repeat;min-width:100%;min-height:100%}.elementor-slides .swiper-slide-inner{background-repeat:no-repeat;background-position:50%;position:absolute;top:0;left:0;bottom:0;right:0;padding:50px;margin:auto}.elementor-slides .swiper-slide-inner,.elementor-slides .swiper-slide-inner:hover{color:#fff;display:flex}.elementor-slides .swiper-slide-inner .elementor-background-overlay{position:absolute;z-index:0;top:0;bottom:0;left:0;right:0}.elementor-slides .swiper-slide-inner .elementor-slide-content{position:relative;z-index:1;width:100%}.elementor-slides .swiper-slide-inner .elementor-slide-heading{font-size:35px;font-weight:700;line-height:1}.elementor-slides .swiper-slide-inner .elementor-slide-description{font-size:17px;line-height:1.4}.elementor-slides .swiper-slide-inner .elementor-slide-description:not(:last-child),.elementor-slides .swiper-slide-inner .elementor-slide-heading:not(:last-child){margin-bottom:30px}.elementor-slides .swiper-slide-inner .elementor-slide-button{border:2px solid #fff;color:#fff;background:transparent;display:inline-block}.elementor-slides .swiper-slide-inner .elementor-slide-button,.elementor-slides .swiper-slide-inner .elementor-slide-button:hover{background:transparent;color:inherit;text-decoration:none}.elementor--v-position-top .swiper-slide-inner{align-items:flex-start}.elementor--v-position-bottom .swiper-slide-inner{align-items:flex-end}.elementor--v-position-middle .swiper-slide-inner{align-items:center}.elementor--h-position-left .swiper-slide-inner{justify-content:flex-start}.elementor--h-position-right .swiper-slide-inner{justify-content:flex-end}.elementor--h-position-center .swiper-slide-inner{justify-content:center}body.rtl .elementor-widget-slides .elementor-swiper-button-next{left:10px;right:auto}body.rtl .elementor-widget-slides .elementor-swiper-button-prev{right:10px;left:auto}.elementor-slides-wrapper div:not(.swiper-slide)>.swiper-slide-inner{display:none}@media (max-width:767px){.elementor-slides .swiper-slide-inner{padding:30px}.elementor-slides .swiper-slide-inner .elementor-slide-heading{font-size:23px;line-height:1;margin-bottom:15px}.elementor-slides .swiper-slide-inner .elementor-slide-description{font-size:13px;line-height:1.4;margin-bottom:15px}}<\/style>\t\t<div class=\"elementor-swiper\">\n\t\t\t<div class=\"elementor-slides-wrapper elementor-main-swiper swiper\" dir=\"ltr\" data-animation=\"fadeInUp\">\n\t\t\t\t<div class=\"swiper-wrapper elementor-slides\">\n\t\t\t\t\t\t\t\t\t\t<div class=\"elementor-repeater-item-804f5c0 swiper-slide\"><div class=\"swiper-slide-bg\" role=\"img\"><\/div><div class=\"elementor-background-overlay\"><\/div><div class=\"swiper-slide-inner\" ><div class=\"swiper-slide-contents\"><\/div><\/div><\/div><div class=\"elementor-repeater-item-925838f swiper-slide\"><div class=\"swiper-slide-bg\" role=\"img\"><\/div><div class=\"elementor-background-overlay\"><\/div><div class=\"swiper-slide-inner\" ><div class=\"swiper-slide-contents\"><\/div><\/div><\/div><div class=\"elementor-repeater-item-16fdd40 swiper-slide\"><div class=\"swiper-slide-bg\" role=\"img\"><\/div><div class=\"elementor-background-overlay\"><\/div><div class=\"swiper-slide-inner\" ><div class=\"swiper-slide-contents\"><\/div><\/div><\/div><div class=\"elementor-repeater-item-8e88fe5 swiper-slide\"><div class=\"swiper-slide-bg\" role=\"img\"><\/div><div class=\"elementor-background-overlay\"><\/div><div class=\"swiper-slide-inner\" ><div class=\"swiper-slide-contents\"><\/div><\/div><\/div>\t\t\t\t<\/div>\n\t\t\t\t\t\t\t\t\t\t\t\t\t\t\t<div class=\"swiper-pagination\"><\/div>\n\t\t\t\t\t\t\t\t\t\t\t\t\t\t\t\t<div class=\"elementor-swiper-button elementor-swiper-button-prev\" role=\"button\" tabindex=\"0\">\n\t\t\t\t\t\t\t<i aria-hidden=\"true\" class=\"eicon-chevron-left\"><\/i>\t\t\t\t\t\t\t<span class=\"elementor-screen-only\">Previous slide<\/span>\n\t\t\t\t\t\t<\/div>\n\t\t\t\t\t\t<div class=\"elementor-swiper-button elementor-swiper-button-next\" role=\"button\" tabindex=\"0\">\n\t\t\t\t\t\t\t<i aria-hidden=\"true\" class=\"eicon-chevron-right\"><\/i>\t\t\t\t\t\t\t<span class=\"elementor-screen-only\">Next slide<\/span>\n\t\t\t\t\t\t<\/div>\n\t\t\t\t\t\t\t\t\t\t\t\t<\/div>\n\t\t<\/div>\n\t\t\t\t<\/div>\n\t\t\t\t<\/div>\n\t\t\t\t\t<\/div>\n\t\t<\/div>\n\t\t\t\t\t<\/div>\n\t\t<\/section>\n\t\t\t\t<section class=\"elementor-section elementor-top-section elementor-element elementor-element-993be79 elementor-section-boxed elementor-section-height-default elementor-section-height-default\" data-id=\"993be79\" data-element_type=\"section\">\n\t\t\t\t\t\t<div class=\"elementor-container elementor-column-gap-default\">\n\t\t\t\t\t<div class=\"elementor-column elementor-col-100 elementor-top-column elementor-element elementor-element-c415d29\" data-id=\"c415d29\" data-element_type=\"column\">\n\t\t\t<div class=\"elementor-widget-wrap elementor-element-populated\">\n\t\t\t\t\t\t<section class=\"elementor-section elementor-inner-section elementor-element elementor-element-8b271ba elementor-section-boxed elementor-section-height-default elementor-section-height-default\" data-id=\"8b271ba\" data-element_type=\"section\">\n\t\t\t\t\t\t<div class=\"elementor-container elementor-column-gap-default\">\n\t\t\t\t\t<div class=\"elementor-column elementor-col-100 elementor-inner-column elementor-element elementor-element-39c232e\" data-id=\"39c232e\" data-element_type=\"column\">\n\t\t\t<div class=\"elementor-widget-wrap elementor-element-populated\">\n\t\t\t\t\t\t<div class=\"elementor-element elementor-element-14f6254 elementor-widget elementor-widget-heading\" data-id=\"14f6254\" data-element_type=\"widget\" data-widget_type=\"heading.default\">\n\t\t\t\t<div class=\"elementor-widget-container\">\n\t\t\t<style>\/*! elementor - v3.23.0 - 25-07-2024 *\/\n.elementor-heading-title{padding:0;margin:0;line-height:1}.elementor-widget-heading .elementor-heading-title[class*=elementor-size-]>a{color:inherit;font-size:inherit;line-height:inherit}.elementor-widget-heading .elementor-heading-title.elementor-size-small{font-size:15px}.elementor-widget-heading .elementor-heading-title.elementor-size-medium{font-size:19px}.elementor-widget-heading .elementor-heading-title.elementor-size-large{font-size:29px}.elementor-widget-heading .elementor-heading-title.elementor-size-xl{font-size:39px}.elementor-widget-heading .elementor-heading-title.elementor-size-xxl{font-size:59px}<\/style><h2 class=\"elementor-heading-title elementor-size-default\"><a href=\"https:\/\/lamaisondantoinette.gr\/gr\/category\/%ce%b1%ce%bd%ce%b1%ce%ba%ce%bf%ce%b9%ce%bd%cf%8e%cf%83%ce%b5%ce%b9%cf%82\/\">\u0391ctualit\u00e9s<\/a><\/h2>\t\t<\/div>\n\t\t\t\t<\/div>\n\t\t\t\t<div class=\"elementor-element elementor-element-b5be033 elementor-grid-3 elementor-grid-tablet-2 elementor-grid-mobile-1 elementor-posts--thumbnail-top elementor-posts__hover-gradient elementor-widget elementor-widget-posts\" data-id=\"b5be033\" data-element_type=\"widget\" data-settings=\"{&quot;cards_columns&quot;:&quot;3&quot;,&quot;cards_columns_tablet&quot;:&quot;2&quot;,&quot;cards_columns_mobile&quot;:&quot;1&quot;,&quot;cards_row_gap&quot;:{&quot;unit&quot;:&quot;px&quot;,&quot;size&quot;:35,&quot;sizes&quot;:[]},&quot;cards_row_gap_tablet&quot;:{&quot;unit&quot;:&quot;px&quot;,&quot;size&quot;:&quot;&quot;,&quot;sizes&quot;:[]},&quot;cards_row_gap_mobile&quot;:{&quot;unit&quot;:&quot;px&quot;,&quot;size&quot;:&quot;&quot;,&quot;sizes&quot;:[]}}\" data-widget_type=\"posts.cards\">\n\t\t\t\t<div class=\"elementor-widget-container\">\n\t\t\t<link rel=\"stylesheet\" href=\"https:\/\/lamaisondantoinette.gr\/fr\/wp-content\/plugins\/elementor-pro\/assets\/css\/widget-posts.min.css?ver=1722257410\">\t\t<div class=\"elementor-posts-container elementor-posts elementor-posts--skin-cards elementor-grid\">\n\t\t\t\t<article class=\"elementor-post elementor-grid-item post-1615 post type-post status-publish format-standard has-post-thumbnail hentry category-actualites\">\n\t\t\t<div class=\"elementor-post__card\">\n\t\t\t\t<a class=\"elementor-post__thumbnail__link\" href=\"https:\/\/lamaisondantoinette.gr\/fr\/nos-voeux-les-plus-sinceres\/\" tabindex=\"-1\" ><div class=\"elementor-post__thumbnail\"><img fetchpriority=\"high\" decoding=\"async\" width=\"768\" height=\"545\" src=\"https:\/\/lamaisondantoinette.gr\/fr\/wp-content\/uploads\/2026\/04\/Carte-Paques-2026-1-768x545.jpg\" class=\"attachment-medium_large size-medium_large wp-image-1616\" alt=\"\" srcset=\"https:\/\/lamaisondantoinette.gr\/fr\/wp-content\/uploads\/2026\/04\/Carte-Paques-2026-1-768x545.jpg 768w, https:\/\/lamaisondantoinette.gr\/fr\/wp-content\/uploads\/2026\/04\/Carte-Paques-2026-1-300x213.jpg 300w, https:\/\/lamaisondantoinette.gr\/fr\/wp-content\/uploads\/2026\/04\/Carte-Paques-2026-1-1024x726.jpg 1024w, https:\/\/lamaisondantoinette.gr\/fr\/wp-content\/uploads\/2026\/04\/Carte-Paques-2026-1-1536x1090.jpg 1536w, https:\/\/lamaisondantoinette.gr\/fr\/wp-content\/uploads\/2026\/04\/Carte-Paques-2026-1.jpg 1748w\" sizes=\"(max-width: 768px) 100vw, 768px\" \/><\/div><\/a>\n\t\t\t\t<div class=\"elementor-post__badge\">ACTUALITES<\/div>\n\t\t\t\t<div class=\"elementor-post__text\">\n\t\t\t\t<h3 class=\"elementor-post__title\">\n\t\t\t<a href=\"https:\/\/lamaisondantoinette.gr\/fr\/nos-voeux-les-plus-sinceres\/\" >\n\t\t\t\tNos v\u0153ux les plus sinc\u00e8res!!!\t\t\t<\/a>\n\t\t<\/h3>\n\t\t\t\t<div class=\"elementor-post__excerpt\">\n\t\t\t<p>Nous vous adressons nos v\u0153ux les plus sinc\u00e8res pour de paisibles, belles et joyeuses f\u00eates de P\u00e2ques, remplies de sant\u00e9 et d\u2019amour. Joyeuses P\u00e2ques &amp;<\/p>\n\t\t<\/div>\n\t\t\n\t\t<a class=\"elementor-post__read-more\" href=\"https:\/\/lamaisondantoinette.gr\/fr\/nos-voeux-les-plus-sinceres\/\" aria-label=\"Read more about Nos v\u0153ux les plus sinc\u00e8res!!!\" tabindex=\"-1\" >\n\t\t\t\u0391\u03bd\u03b1\u03bb\u03c5\u03c4\u03b9\u03ba\u03ac\u00bb\t\t<\/a>\n\n\t\t\t\t<\/div>\n\t\t\t\t<div class=\"elementor-post__meta-data\">\n\t\t\t\t\t<span class=\"elementor-post-date\">\n\t\t\tApril 4, 2026\t\t<\/span>\n\t\t\t\t<\/div>\n\t\t\t\t\t<\/div>\n\t\t<\/article>\n\t\t\t\t<article class=\"elementor-post elementor-grid-item post-1619 post type-post status-publish format-standard has-post-thumbnail hentry category-actualites\">\n\t\t\t<div class=\"elementor-post__card\">\n\t\t\t\t<a class=\"elementor-post__thumbnail__link\" href=\"https:\/\/lamaisondantoinette.gr\/fr\/presentation-de-livres-le-livre-ouvert\/\" tabindex=\"-1\" ><div class=\"elementor-post__thumbnail\"><img decoding=\"async\" width=\"768\" height=\"1024\" src=\"https:\/\/lamaisondantoinette.gr\/fr\/wp-content\/uploads\/2026\/03\/660997962_1394207409400394_7924793716103430388_n-768x1024.jpg\" class=\"attachment-medium_large size-medium_large wp-image-1621\" alt=\"\" srcset=\"https:\/\/lamaisondantoinette.gr\/fr\/wp-content\/uploads\/2026\/03\/660997962_1394207409400394_7924793716103430388_n-768x1024.jpg 768w, https:\/\/lamaisondantoinette.gr\/fr\/wp-content\/uploads\/2026\/03\/660997962_1394207409400394_7924793716103430388_n-225x300.jpg 225w, https:\/\/lamaisondantoinette.gr\/fr\/wp-content\/uploads\/2026\/03\/660997962_1394207409400394_7924793716103430388_n-576x768.jpg 576w, https:\/\/lamaisondantoinette.gr\/fr\/wp-content\/uploads\/2026\/03\/660997962_1394207409400394_7924793716103430388_n-1152x1536.jpg 1152w, https:\/\/lamaisondantoinette.gr\/fr\/wp-content\/uploads\/2026\/03\/660997962_1394207409400394_7924793716103430388_n.jpg 1536w\" sizes=\"(max-width: 768px) 100vw, 768px\" \/><\/div><\/a>\n\t\t\t\t<div class=\"elementor-post__badge\">ACTUALITES<\/div>\n\t\t\t\t<div class=\"elementor-post__text\">\n\t\t\t\t<h3 class=\"elementor-post__title\">\n\t\t\t<a href=\"https:\/\/lamaisondantoinette.gr\/fr\/presentation-de-livres-le-livre-ouvert\/\" >\n\t\t\t\tPr\u00e9sentation de livres &#8211; Le Livre Ouvert.\t\t\t<\/a>\n\t\t<\/h3>\n\t\t\t\t<div class=\"elementor-post__excerpt\">\n\t\t\t<p>Le dimanche 29\/03 une pr\u00e9sentation de livres a eu lieu avec succ\u00e8s, au si\u00e8ge de l&#8217;Association d&#8217;Amiti\u00e9 Franco-Hell\u00e9nique, &#8220;La Maison d&#8217;Antoinette&#8221;, par la Maison d&#8217;\u00c9ditions<\/p>\n\t\t<\/div>\n\t\t\n\t\t<a class=\"elementor-post__read-more\" href=\"https:\/\/lamaisondantoinette.gr\/fr\/presentation-de-livres-le-livre-ouvert\/\" aria-label=\"Read more about Pr\u00e9sentation de livres &#8211; Le Livre Ouvert.\" tabindex=\"-1\" >\n\t\t\t\u0391\u03bd\u03b1\u03bb\u03c5\u03c4\u03b9\u03ba\u03ac\u00bb\t\t<\/a>\n\n\t\t\t\t<\/div>\n\t\t\t\t<div class=\"elementor-post__meta-data\">\n\t\t\t\t\t<span class=\"elementor-post-date\">\n\t\t\tMarch 31, 2026\t\t<\/span>\n\t\t\t\t<\/div>\n\t\t\t\t\t<\/div>\n\t\t<\/article>\n\t\t\t\t<article class=\"elementor-post elementor-grid-item post-1622 post type-post status-publish format-standard has-post-thumbnail hentry category-actualites\">\n\t\t\t<div class=\"elementor-post__card\">\n\t\t\t\t<a class=\"elementor-post__thumbnail__link\" href=\"https:\/\/lamaisondantoinette.gr\/fr\/realisation-des-programmes-educatifs-fetons-paques-31-mars-2026\/\" tabindex=\"-1\" ><div class=\"elementor-post__thumbnail\"><img decoding=\"async\" width=\"768\" height=\"1365\" src=\"https:\/\/lamaisondantoinette.gr\/fr\/wp-content\/uploads\/2026\/04\/659003250_1394181902736278_2128120972014188311_n-768x1365.jpg\" class=\"attachment-medium_large size-medium_large wp-image-1623\" alt=\"\" srcset=\"https:\/\/lamaisondantoinette.gr\/fr\/wp-content\/uploads\/2026\/04\/659003250_1394181902736278_2128120972014188311_n-768x1365.jpg 768w, https:\/\/lamaisondantoinette.gr\/fr\/wp-content\/uploads\/2026\/04\/659003250_1394181902736278_2128120972014188311_n-169x300.jpg 169w, https:\/\/lamaisondantoinette.gr\/fr\/wp-content\/uploads\/2026\/04\/659003250_1394181902736278_2128120972014188311_n-576x1024.jpg 576w, https:\/\/lamaisondantoinette.gr\/fr\/wp-content\/uploads\/2026\/04\/659003250_1394181902736278_2128120972014188311_n-432x768.jpg 432w, https:\/\/lamaisondantoinette.gr\/fr\/wp-content\/uploads\/2026\/04\/659003250_1394181902736278_2128120972014188311_n-864x1536.jpg 864w, https:\/\/lamaisondantoinette.gr\/fr\/wp-content\/uploads\/2026\/04\/659003250_1394181902736278_2128120972014188311_n.jpg 1152w\" sizes=\"(max-width: 768px) 100vw, 768px\" \/><\/div><\/a>\n\t\t\t\t<div class=\"elementor-post__badge\">ACTUALITES<\/div>\n\t\t\t\t<div class=\"elementor-post__text\">\n\t\t\t\t<h3 class=\"elementor-post__title\">\n\t\t\t<a href=\"https:\/\/lamaisondantoinette.gr\/fr\/realisation-des-programmes-educatifs-fetons-paques-31-mars-2026\/\" >\n\t\t\t\tR\u00e9alisation des programmes \u00e9ducatifs: F\u00eatons P\u00e2ques &#8211; 28 mars 2026\t\t\t<\/a>\n\t\t<\/h3>\n\t\t\t\t<div class=\"elementor-post__excerpt\">\n\t\t\t<p>Le samedi 28 mars, dans les ateliers cr\u00e9atifs de notre association, nous avons r\u00e9alis\u00e9 une belle action de P\u00e2ques. Nos petits amis ont appris les<\/p>\n\t\t<\/div>\n\t\t\n\t\t<a class=\"elementor-post__read-more\" href=\"https:\/\/lamaisondantoinette.gr\/fr\/realisation-des-programmes-educatifs-fetons-paques-31-mars-2026\/\" aria-label=\"Read more about R\u00e9alisation des programmes \u00e9ducatifs: F\u00eatons P\u00e2ques &#8211; 28 mars 2026\" tabindex=\"-1\" >\n\t\t\t\u0391\u03bd\u03b1\u03bb\u03c5\u03c4\u03b9\u03ba\u03ac\u00bb\t\t<\/a>\n\n\t\t\t\t<\/div>\n\t\t\t\t<div class=\"elementor-post__meta-data\">\n\t\t\t\t\t<span class=\"elementor-post-date\">\n\t\t\tMarch 31, 2026\t\t<\/span>\n\t\t\t\t<\/div>\n\t\t\t\t\t<\/div>\n\t\t<\/article>\n\t\t\t\t<article class=\"elementor-post elementor-grid-item post-1633 post type-post status-publish format-standard has-post-thumbnail hentry category-actualites\">\n\t\t\t<div class=\"elementor-post__card\">\n\t\t\t\t<a class=\"elementor-post__thumbnail__link\" href=\"https:\/\/lamaisondantoinette.gr\/fr\/presentation-des-ouvrages-le-livre-ouvert\/\" tabindex=\"-1\" ><div class=\"elementor-post__thumbnail\"><img loading=\"lazy\" decoding=\"async\" width=\"581\" height=\"411\" src=\"https:\/\/lamaisondantoinette.gr\/fr\/wp-content\/uploads\/2026\/04\/656726526_1387662780054857_8923009746837409886_n-1.jpg\" class=\"attachment-medium_large size-medium_large wp-image-1634\" alt=\"\" srcset=\"https:\/\/lamaisondantoinette.gr\/fr\/wp-content\/uploads\/2026\/04\/656726526_1387662780054857_8923009746837409886_n-1.jpg 581w, https:\/\/lamaisondantoinette.gr\/fr\/wp-content\/uploads\/2026\/04\/656726526_1387662780054857_8923009746837409886_n-1-300x212.jpg 300w\" sizes=\"(max-width: 581px) 100vw, 581px\" \/><\/div><\/a>\n\t\t\t\t<div class=\"elementor-post__badge\">ACTUALITES<\/div>\n\t\t\t\t<div class=\"elementor-post__text\">\n\t\t\t\t<h3 class=\"elementor-post__title\">\n\t\t\t<a href=\"https:\/\/lamaisondantoinette.gr\/fr\/presentation-des-ouvrages-le-livre-ouvert\/\" >\n\t\t\t\tPr\u00e9sentation des ouvrages &#8211; Le Livre Ouvert\t\t\t<\/a>\n\t\t<\/h3>\n\t\t\t\t<div class=\"elementor-post__excerpt\">\n\t\t\t<p>&#x1f4dd; C\u2019est avec un grand plaisir que nous vous invitons \u00e0 une rencontre chaleureuse et cr\u00e9ative, consacr\u00e9e \u00e0 la pr\u00e9sentation de nouveaux ouvrages et de<\/p>\n\t\t<\/div>\n\t\t\n\t\t<a class=\"elementor-post__read-more\" href=\"https:\/\/lamaisondantoinette.gr\/fr\/presentation-des-ouvrages-le-livre-ouvert\/\" aria-label=\"Read more about Pr\u00e9sentation des ouvrages &#8211; Le Livre Ouvert\" tabindex=\"-1\" >\n\t\t\t\u0391\u03bd\u03b1\u03bb\u03c5\u03c4\u03b9\u03ba\u03ac\u00bb\t\t<\/a>\n\n\t\t\t\t<\/div>\n\t\t\t\t<div class=\"elementor-post__meta-data\">\n\t\t\t\t\t<span class=\"elementor-post-date\">\n\t\t\tMarch 26, 2026\t\t<\/span>\n\t\t\t\t<\/div>\n\t\t\t\t\t<\/div>\n\t\t<\/article>\n\t\t\t\t<article class=\"elementor-post elementor-grid-item post-1601 post type-post status-publish format-standard has-post-thumbnail hentry category-actualites\">\n\t\t\t<div class=\"elementor-post__card\">\n\t\t\t\t<a class=\"elementor-post__thumbnail__link\" href=\"https:\/\/lamaisondantoinette.gr\/fr\/programmes-educatifs-fetons-paques-samedi-28-mars-2026\/\" tabindex=\"-1\" ><div class=\"elementor-post__thumbnail\"><img loading=\"lazy\" decoding=\"async\" width=\"768\" height=\"644\" src=\"https:\/\/lamaisondantoinette.gr\/fr\/wp-content\/uploads\/2026\/03\/\u0391\u03c2-\u03b3\u03b9\u03bf\u03c1\u03c4\u03ac\u03c3\u03bf\u03c5\u03bc\u03b5-\u03c4\u03bf-\u03a0\u03ac\u03c3\u03c7\u03b1-1-768x644.jpg\" class=\"attachment-medium_large size-medium_large wp-image-1602\" alt=\"\" srcset=\"https:\/\/lamaisondantoinette.gr\/fr\/wp-content\/uploads\/2026\/03\/\u0391\u03c2-\u03b3\u03b9\u03bf\u03c1\u03c4\u03ac\u03c3\u03bf\u03c5\u03bc\u03b5-\u03c4\u03bf-\u03a0\u03ac\u03c3\u03c7\u03b1-1-768x644.jpg 768w, https:\/\/lamaisondantoinette.gr\/fr\/wp-content\/uploads\/2026\/03\/\u0391\u03c2-\u03b3\u03b9\u03bf\u03c1\u03c4\u03ac\u03c3\u03bf\u03c5\u03bc\u03b5-\u03c4\u03bf-\u03a0\u03ac\u03c3\u03c7\u03b1-1-300x251.jpg 300w, https:\/\/lamaisondantoinette.gr\/fr\/wp-content\/uploads\/2026\/03\/\u0391\u03c2-\u03b3\u03b9\u03bf\u03c1\u03c4\u03ac\u03c3\u03bf\u03c5\u03bc\u03b5-\u03c4\u03bf-\u03a0\u03ac\u03c3\u03c7\u03b1-1.jpg 940w\" sizes=\"(max-width: 768px) 100vw, 768px\" \/><\/div><\/a>\n\t\t\t\t<div class=\"elementor-post__badge\">ACTUALITES<\/div>\n\t\t\t\t<div class=\"elementor-post__text\">\n\t\t\t\t<h3 class=\"elementor-post__title\">\n\t\t\t<a href=\"https:\/\/lamaisondantoinette.gr\/fr\/programmes-educatifs-fetons-paques-samedi-28-mars-2026\/\" >\n\t\t\t\tProgrammes \u00e9ducatifs: F\u00eatons P\u00e2ques &#8211; Samedi 28 mars 2026\t\t\t<\/a>\n\t\t<\/h3>\n\t\t\t\t<div class=\"elementor-post__excerpt\">\n\t\t\t<p>Les vacances de P\u00e2ques approchent ! P\u00e2ques est la plus grande f\u00eate de la chr\u00e9tient\u00e9, symbole de renouveau et d\u2019espoir, qui c\u00e9l\u00e8bre l\u2019arriv\u00e9e du printemps<\/p>\n\t\t<\/div>\n\t\t\n\t\t<a class=\"elementor-post__read-more\" href=\"https:\/\/lamaisondantoinette.gr\/fr\/programmes-educatifs-fetons-paques-samedi-28-mars-2026\/\" aria-label=\"Read more about Programmes \u00e9ducatifs: F\u00eatons P\u00e2ques &#8211; Samedi 28 mars 2026\" tabindex=\"-1\" >\n\t\t\t\u0391\u03bd\u03b1\u03bb\u03c5\u03c4\u03b9\u03ba\u03ac\u00bb\t\t<\/a>\n\n\t\t\t\t<\/div>\n\t\t\t\t<div class=\"elementor-post__meta-data\">\n\t\t\t\t\t<span class=\"elementor-post-date\">\n\t\t\tMarch 25, 2026\t\t<\/span>\n\t\t\t\t<\/div>\n\t\t\t\t\t<\/div>\n\t\t<\/article>\n\t\t\t\t<article class=\"elementor-post elementor-grid-item post-1604 post type-post status-publish format-standard has-post-thumbnail hentry category-actualites\">\n\t\t\t<div class=\"elementor-post__card\">\n\t\t\t\t<a class=\"elementor-post__thumbnail__link\" href=\"https:\/\/lamaisondantoinette.gr\/fr\/visite-de-lecole-primaire-speciale-dalexandroupoli\/\" tabindex=\"-1\" ><div class=\"elementor-post__thumbnail\"><img loading=\"lazy\" decoding=\"async\" width=\"768\" height=\"1024\" src=\"https:\/\/lamaisondantoinette.gr\/fr\/wp-content\/uploads\/2026\/03\/654936201_1387294090091726_1562500516829561847_n-768x1024.jpg\" class=\"attachment-medium_large size-medium_large wp-image-1605\" alt=\"\" srcset=\"https:\/\/lamaisondantoinette.gr\/fr\/wp-content\/uploads\/2026\/03\/654936201_1387294090091726_1562500516829561847_n-768x1024.jpg 768w, https:\/\/lamaisondantoinette.gr\/fr\/wp-content\/uploads\/2026\/03\/654936201_1387294090091726_1562500516829561847_n-225x300.jpg 225w, https:\/\/lamaisondantoinette.gr\/fr\/wp-content\/uploads\/2026\/03\/654936201_1387294090091726_1562500516829561847_n-576x768.jpg 576w, https:\/\/lamaisondantoinette.gr\/fr\/wp-content\/uploads\/2026\/03\/654936201_1387294090091726_1562500516829561847_n-1152x1536.jpg 1152w, https:\/\/lamaisondantoinette.gr\/fr\/wp-content\/uploads\/2026\/03\/654936201_1387294090091726_1562500516829561847_n.jpg 1200w\" sizes=\"(max-width: 768px) 100vw, 768px\" \/><\/div><\/a>\n\t\t\t\t<div class=\"elementor-post__badge\">ACTUALITES<\/div>\n\t\t\t\t<div class=\"elementor-post__text\">\n\t\t\t\t<h3 class=\"elementor-post__title\">\n\t\t\t<a href=\"https:\/\/lamaisondantoinette.gr\/fr\/visite-de-lecole-primaire-speciale-dalexandroupoli\/\" >\n\t\t\t\tVisite de l\u2019\u00c9cole Primaire Sp\u00e9ciale d\u2019Alexandroupoli.\t\t\t<\/a>\n\t\t<\/h3>\n\t\t\t\t<div class=\"elementor-post__excerpt\">\n\t\t\t<p>Le mercredi 18 mars, \u00e0 l\u2019Association d\u2019Amiti\u00e9 Franco- Hell\u00e9nique \u00ab La Maison d\u2019Antoinette \u00bb, nous avons eu le plaisir d\u2019accueillir des \u00e9l\u00e8ves de l\u2019\u00c9cole Primaire<\/p>\n\t\t<\/div>\n\t\t\n\t\t<a class=\"elementor-post__read-more\" href=\"https:\/\/lamaisondantoinette.gr\/fr\/visite-de-lecole-primaire-speciale-dalexandroupoli\/\" aria-label=\"Read more about Visite de l\u2019\u00c9cole Primaire Sp\u00e9ciale d\u2019Alexandroupoli.\" tabindex=\"-1\" >\n\t\t\t\u0391\u03bd\u03b1\u03bb\u03c5\u03c4\u03b9\u03ba\u03ac\u00bb\t\t<\/a>\n\n\t\t\t\t<\/div>\n\t\t\t\t<div class=\"elementor-post__meta-data\">\n\t\t\t\t\t<span class=\"elementor-post-date\">\n\t\t\tMarch 23, 2026\t\t<\/span>\n\t\t\t\t<\/div>\n\t\t\t\t\t<\/div>\n\t\t<\/article>\n\t\t\t\t<\/div>\n\t\t\n\t\t\t\t<\/div>\n\t\t\t\t<\/div>\n\t\t\t\t\t<\/div>\n\t\t<\/div>\n\t\t\t\t\t<\/div>\n\t\t<\/section>\n\t\t\t\t\t<\/div>\n\t\t<\/div>\n\t\t\t\t\t<\/div>\n\t\t<\/section>\n\t\t\t\t<\/div>\n\t\t","protected":false},"excerpt":{"rendered":"<p>Previous slide Next slide \u0391ctualit\u00e9s<\/p>\n","protected":false},"author":1,"featured_media":1514,"parent":0,"menu_order":0,"comment_status":"closed","ping_status":"closed","template":"elementor_header_footer","meta":{"footnotes":""},"class_list":["post-356","page","type-page","status-publish","has-post-thumbnail","hentry"],"_links":{"self":[{"href":"https:\/\/lamaisondantoinette.gr\/fr\/wp-json\/wp\/v2\/pages\/356","targetHints":{"allow":["GET"]}}],"collection":[{"href":"https:\/\/lamaisondantoinette.gr\/fr\/wp-json\/wp\/v2\/pages"}],"about":[{"href":"https:\/\/lamaisondantoinette.gr\/fr\/wp-json\/wp\/v2\/types\/page"}],"author":[{"embeddable":true,"href":"https:\/\/lamaisondantoinette.gr\/fr\/wp-json\/wp\/v2\/users\/1"}],"replies":[{"embeddable":true,"href":"https:\/\/lamaisondantoinette.gr\/fr\/wp-json\/wp\/v2\/comments?post=356"}],"version-history":[{"count":53,"href":"https:\/\/lamaisondantoinette.gr\/fr\/wp-json\/wp\/v2\/pages\/356\/revisions"}],"predecessor-version":[{"id":1516,"href":"https:\/\/lamaisondantoinette.gr\/fr\/wp-json\/wp\/v2\/pages\/356\/revisions\/1516"}],"wp:featuredmedia":[{"embeddable":true,"href":"https:\/\/lamaisondantoinette.gr\/fr\/wp-json\/wp\/v2\/media\/1514"}],"wp:attachment":[{"href":"https:\/\/lamaisondantoinette.gr\/fr\/wp-json\/wp\/v2\/media?parent=356"}],"curies":[{"name":"wp","href":"https:\/\/api.w.org\/{rel}","templated":true}]}}