{"id":329,"date":"2015-08-20T18:39:55","date_gmt":"2015-08-20T15:39:55","guid":{"rendered":"http:\/\/lamaisondantoinette.gr\/gr\/?page_id=329"},"modified":"2021-12-06T20:36:37","modified_gmt":"2021-12-06T18:36:37","slug":"%ce%b5%cf%80%ce%b9%ce%ba%ce%bf%ce%b9%ce%bd%cf%89%ce%bd%ce%b9%ce%b1","status":"publish","type":"page","link":"https:\/\/lamaisondantoinette.gr\/gr\/%ce%b5%cf%80%ce%b9%ce%ba%ce%bf%ce%b9%ce%bd%cf%89%ce%bd%ce%b9%ce%b1\/","title":{"rendered":"\u03a3\u03a5\u039d\u0394\u0395\u03a3\u039c\u039f\u0399"},"content":{"rendered":"\t\t<div data-elementor-type=\"wp-page\" data-elementor-id=\"329\" class=\"elementor elementor-329\" data-elementor-post-type=\"page\">\n\t\t\t\t\t\t<section class=\"elementor-section elementor-top-section elementor-element elementor-element-34eca67 elementor-section-boxed elementor-section-height-default elementor-section-height-default\" data-id=\"34eca67\" data-element_type=\"section\">\n\t\t\t\t\t\t<div class=\"elementor-container elementor-column-gap-default\">\n\t\t\t\t\t<div class=\"elementor-column elementor-col-100 elementor-top-column elementor-element elementor-element-b9b4ca7\" data-id=\"b9b4ca7\" data-element_type=\"column\">\n\t\t\t<div class=\"elementor-widget-wrap elementor-element-populated\">\n\t\t\t\t\t\t<div class=\"elementor-element elementor-element-feb2d8e elementor-widget elementor-widget-text-editor\" data-id=\"feb2d8e\" data-element_type=\"widget\" data-widget_type=\"text-editor.default\">\n\t\t\t\t<div class=\"elementor-widget-container\">\n\t\t\t<style>\/*! elementor - v3.23.0 - 25-07-2024 *\/\n.elementor-widget-text-editor.elementor-drop-cap-view-stacked .elementor-drop-cap{background-color:#69727d;color:#fff}.elementor-widget-text-editor.elementor-drop-cap-view-framed .elementor-drop-cap{color:#69727d;border:3px solid;background-color:transparent}.elementor-widget-text-editor:not(.elementor-drop-cap-view-default) .elementor-drop-cap{margin-top:8px}.elementor-widget-text-editor:not(.elementor-drop-cap-view-default) .elementor-drop-cap-letter{width:1em;height:1em}.elementor-widget-text-editor .elementor-drop-cap{float:left;text-align:center;line-height:1;font-size:50px}.elementor-widget-text-editor .elementor-drop-cap-letter{display:inline-block}<\/style>\t\t\t\t<ul><li><span style=\"color: #000080;\"><a style=\"color: #000080;\" href=\"http:\/\/www.fle.fr\/\" target=\"_blank\" rel=\"noopener\">Agence de promotion du FLE<\/a><\/span><\/li><li><span style=\"color: #000080;\"><a style=\"color: #000080;\" href=\"http:\/\/www.ifa.gr\/\">IFA &#8211; \u0393\u03b1\u03bb\u03bb\u03b9\u03ba\u03cc \u0399\u03bd\u03c3\u03c4\u03b9\u03c4\u03bf\u03cd\u03c4\u03bf \u0391\u03b8\u03b7\u03bd\u03ce\u03bd<\/a><\/span><\/li><li><span style=\"color: #000080;\"><a style=\"color: #000080;\" href=\"http:\/\/www.ift.gr\/\">IFT &#8211; \u0393\u03b1\u03bb\u03bb\u03b9\u03ba\u03cc \u0399\u03bd\u03c3\u03c4\u03b9\u03c4\u03bf\u03cd\u03c4\u03bf \u0398\u03b5\u03c3\u03c3\u03b1\u03bb\u03bf\u03bd\u03af\u03ba\u03b7\u03c2<\/a><\/span><\/li><li><span style=\"color: #000080;\"><a style=\"color: #000080;\" href=\"http:\/\/www.ambafrance-gr.org\/\">\u03a0\u03c1\u03b5\u03c3\u03b2\u03b5\u03af\u03b1 \u03c4\u03b7\u03c2 \u0393\u03b1\u03bb\u03bb\u03af\u03b1\u03c2 \u03c3\u03c4\u03b7\u03bd \u0395\u03bb\u03bb\u03ac\u03b4\u03b1<\/a><\/span><\/li><li><span style=\"color: #000080;\"><a style=\"color: #000080;\" href=\"http:\/\/www.ambafrance-gr.org\/-Consulat-Thessalonique-\">Consulat g\u00e9n\u00e9ral de France \u00e0 Thessalonique<\/a><\/span><\/li><li><span style=\"color: #000080;\"><a style=\"color: #000080;\" href=\"http:\/\/consulfrancethessalonique.blogspot.gr\/\">Blog du Consul g\u00e9n\u00e9ral<\/a><\/span><\/li><li><span style=\"color: #000080;\"><a style=\"color: #000080;\" href=\"http:\/\/www.apf.gr\/\">\u03a3\u03cd\u03bb\u03bb\u03bf\u03b3\u03bf\u03c2 \u039a\u03b1\u03b8\u03b7\u03b3\u03b7\u03c4\u03ce\u03bd \u0393\u03b1\u03bb\u03bb\u03b9\u03ba\u03ae\u03c2 \u0391\u03b8\u03ae\u03bd\u03b1\u03c2<\/a><\/span><\/li><li><span style=\"color: #000080;\"><a style=\"color: #000080;\" href=\"http:\/\/www.aplf.gr\/\">\u03a3\u03cd\u03bb\u03bb\u03bf\u03b3\u03bf\u03c2 \u039a\u03b1\u03b8\u03b7\u03b3\u03b7\u03c4\u03ce\u03bd \u0393\u03b1\u03bb\u03bb\u03b9\u03ba\u03ae\u03c2 \u0398\u03b5\u03c3\u03c3\u03b1\u03bb\u03bf\u03bd\u03af\u03ba\u03b7\u03c2<\/a><\/span><\/li><li><span style=\"color: #000080;\"><a style=\"color: #000080;\" href=\"https:\/\/www.google.com\/fusiontables\/DataSource?snapid=S32810834Wa\">\u03a0\u03b5\u03c1\u03b9\u03b5\u03c7\u03cc\u03bc\u03b5\u03bd\u03b1 \u0392\u03b9\u03b2\u03bb\u03b9\u03bf\u03b8\u03ae\u03ba\u03b7\u03c2 (\u03c5\u03c0\u03cc \u03ba\u03b1\u03c4\u03b1\u03c3\u03ba\u03b5\u03c5\u03ae)<\/a><\/span><\/li><li><span style=\"color: #000080;\"><a style=\"color: #000080;\" href=\"http:\/\/www.tv5.org\/\">tv5monde<\/a><\/span><\/li><li><span style=\"color: #000080;\"><a style=\"color: #000080;\" href=\"http:\/\/www.fdlm.org\/\">Le Fran\u00e7ais Dans Le Monde<\/a><\/span><\/li><\/ul>\t\t\t\t\t\t<\/div>\n\t\t\t\t<\/div>\n\t\t\t\t\t<\/div>\n\t\t<\/div>\n\t\t\t\t\t<\/div>\n\t\t<\/section>\n\t\t\t\t<\/div>\n\t\t","protected":false},"excerpt":{"rendered":"<p>Agence de promotion du FLE IFA &#8211; \u0393\u03b1\u03bb\u03bb\u03b9\u03ba\u03cc \u0399\u03bd\u03c3\u03c4\u03b9\u03c4\u03bf\u03cd\u03c4\u03bf \u0391\u03b8\u03b7\u03bd\u03ce\u03bd IFT &#8211; \u0393\u03b1\u03bb\u03bb\u03b9\u03ba\u03cc \u0399\u03bd\u03c3\u03c4\u03b9\u03c4\u03bf\u03cd\u03c4\u03bf \u0398\u03b5\u03c3\u03c3\u03b1\u03bb\u03bf\u03bd\u03af\u03ba\u03b7\u03c2 \u03a0\u03c1\u03b5\u03c3\u03b2\u03b5\u03af\u03b1 \u03c4\u03b7\u03c2 \u0393\u03b1\u03bb\u03bb\u03af\u03b1\u03c2 \u03c3\u03c4\u03b7\u03bd \u0395\u03bb\u03bb\u03ac\u03b4\u03b1 Consulat g\u00e9n\u00e9ral de France \u00e0 Thessalonique Blog du Consul g\u00e9n\u00e9ral&#8230;<\/p>\n","protected":false},"author":1,"featured_media":0,"parent":0,"menu_order":0,"comment_status":"closed","ping_status":"closed","template":"","meta":{"_price":"","_stock":"","_tribe_ticket_header":"","_tribe_default_ticket_provider":"","_tribe_ticket_capacity":"0","_ticket_start_date":"","_ticket_end_date":"","_tribe_ticket_show_description":"","_tribe_ticket_show_not_going":false,"_tribe_ticket_use_global_stock":"","_tribe_ticket_global_stock_level":"","_global_stock_mode":"","_global_stock_cap":"","_tribe_rsvp_for_event":"","_tribe_ticket_going_count":"","_tribe_ticket_not_going_count":"","_tribe_tickets_list":"[]","_tribe_ticket_has_attendee_info_fields":false,"_EventAllDay":false,"_EventTimezone":"","_EventStartDate":"","_EventEndDate":"","_EventStartDateUTC":"","_EventEndDateUTC":"","_EventShowMap":false,"_EventShowMapLink":false,"_EventURL":"","_EventCost":"","_EventCostDescription":"","_EventCurrencySymbol":"","_EventCurrencyCode":"","_EventCurrencyPosition":"","_EventDateTimeSeparator":"","_EventTimeRangeSeparator":"","_EventOrganizerID":[],"_EventVenueID":[],"_OrganizerEmail":"","_OrganizerPhone":"","_OrganizerWebsite":"","_VenueAddress":"","_VenueCity":"","_VenueCountry":"","_VenueProvince":"","_VenueState":"","_VenueZip":"","_VenuePhone":"","_VenueURL":"","_VenueStateProvince":"","_VenueLat":"","_VenueLng":"","_VenueShowMap":false,"_VenueShowMapLink":false,"_kadence_starter_templates_imported_post":false,"_kad_post_transparent":"","_kad_post_title":"","_kad_post_layout":"","_kad_post_sidebar_id":"","_kad_post_content_style":"","_kad_post_vertical_padding":"","_kad_post_feature":"","_kad_post_feature_position":"","_kad_post_header":false,"_kad_post_footer":false,"_kad_post_classname":"","footnotes":"","_tec_slr_enabled":"","_tec_slr_layout":""},"class_list":["post-329","page","type-page","status-publish","hentry"],"ticketed":false,"_links":{"self":[{"href":"https:\/\/lamaisondantoinette.gr\/gr\/wp-json\/wp\/v2\/pages\/329","targetHints":{"allow":["GET"]}}],"collection":[{"href":"https:\/\/lamaisondantoinette.gr\/gr\/wp-json\/wp\/v2\/pages"}],"about":[{"href":"https:\/\/lamaisondantoinette.gr\/gr\/wp-json\/wp\/v2\/types\/page"}],"author":[{"embeddable":true,"href":"https:\/\/lamaisondantoinette.gr\/gr\/wp-json\/wp\/v2\/users\/1"}],"replies":[{"embeddable":true,"href":"https:\/\/lamaisondantoinette.gr\/gr\/wp-json\/wp\/v2\/comments?post=329"}],"version-history":[{"count":12,"href":"https:\/\/lamaisondantoinette.gr\/gr\/wp-json\/wp\/v2\/pages\/329\/revisions"}],"predecessor-version":[{"id":2584,"href":"https:\/\/lamaisondantoinette.gr\/gr\/wp-json\/wp\/v2\/pages\/329\/revisions\/2584"}],"wp:attachment":[{"href":"https:\/\/lamaisondantoinette.gr\/gr\/wp-json\/wp\/v2\/media?parent=329"}],"curies":[{"name":"wp","href":"https:\/\/api.w.org\/{rel}","templated":true}]}}